{"id":44,"date":"2018-02-12T19:40:42","date_gmt":"2018-02-12T19:40:42","guid":{"rendered":"http:\/\/finger.ch\/fin\/?page_id=44"},"modified":"2018-02-13T22:35:10","modified_gmt":"2018-02-13T21:35:10","slug":"angebot","status":"publish","type":"page","link":"http:\/\/finger.ch\/fin\/angebot\/","title":{"rendered":"Angebot"},"content":{"rendered":"<p>Hmmm, was erwartet dich wohl hier? Wieso bist du her gekommen?<\/p>\n<p>Ah, jetzt weiss ich: Dein Familienname lautet &#8222;Finger&#8220;.<\/p>\n<p>In diesem Fall haben wir da etwas f\u00fcr dich:<\/p>\n<blockquote><p>Eine eigene E-Mail Adresse &#8222;<em><strong>deinname@finger.ch<\/strong><\/em>&#8222;<\/p><\/blockquote>\n<h4>E-Mail Forwarding<\/h4>\n<p>Alle Mails an &#8222;deinname@finger.ch&#8220; werden auf eine beliebige andere bestehende E-Mail Adresse von dir umgeleitet.<br \/>\nWenn du beim Versand deiner Mails &#8222;deinname@finger.ch&#8220; als Absender einstellst, dann antworten dir auch alle unter der neuen E-Mail Adresse. Du k\u00f6nntest sogar deinen Provider wechseln ohne deine E-Mail Adresse \u00e4ndern zu m\u00fcssen.<\/p>\n<hr \/>\n<h4>Kosten<\/h4>\n<p>Eine einmalige Aufschaltgeb\u00fchr von &#8211; weiss nicht &#8211; vielleicht so ca. CHF 20.- oder so.<\/p>\n<h4>Wie geht das?<\/h4>\n<p>Sende einfach eine Nachricht mit einigen Infos wieso du deine neue E-Mail Adresse m\u00f6chtest und folgenden Daten: Name, Adresse, gew\u00fcnschte E-Mail Adresse, bestehende Ziel E-Mail Adresse.<\/p>\n<p><a href=\"http:\/\/finger.ch\/fin\/angebot\/kontakt\/\">Kontakt Formular<\/a><\/p>\n<hr \/>\n<p>Alles Unklar? TipTop \ud83d\ude00<\/p>\n","protected":false},"excerpt":{"rendered":"<p>Hmmm, was erwartet dich wohl hier? Wieso bist du her gekommen? Ah, jetzt weiss ich: Dein Familienname lautet &#8222;Finger&#8220;. In diesem Fall [&hellip;]<\/p>\n","protected":false},"author":1,"featured_media":0,"parent":0,"menu_order":2,"comment_status":"closed","ping_status":"closed","template":"","meta":{"footnotes":""},"class_list":["post-44","page","type-page","status-publish","hentry"],"_links":{"self":[{"href":"http:\/\/finger.ch\/fin\/wp-json\/wp\/v2\/pages\/44","targetHints":{"allow":["GET"]}}],"collection":[{"href":"http:\/\/finger.ch\/fin\/wp-json\/wp\/v2\/pages"}],"about":[{"href":"http:\/\/finger.ch\/fin\/wp-json\/wp\/v2\/types\/page"}],"author":[{"embeddable":true,"href":"http:\/\/finger.ch\/fin\/wp-json\/wp\/v2\/users\/1"}],"replies":[{"embeddable":true,"href":"http:\/\/finger.ch\/fin\/wp-json\/wp\/v2\/comments?post=44"}],"version-history":[{"count":5,"href":"http:\/\/finger.ch\/fin\/wp-json\/wp\/v2\/pages\/44\/revisions"}],"predecessor-version":[{"id":62,"href":"http:\/\/finger.ch\/fin\/wp-json\/wp\/v2\/pages\/44\/revisions\/62"}],"wp:attachment":[{"href":"http:\/\/finger.ch\/fin\/wp-json\/wp\/v2\/media?parent=44"}],"curies":[{"name":"wp","href":"https:\/\/api.w.org\/{rel}","templated":true}]}}